{"id":558,"date":"2023-06-28T16:20:57","date_gmt":"2023-06-28T20:20:57","guid":{"rendered":"https:\/\/blucarelab.com\/accueil\/"},"modified":"2024-07-08T18:29:09","modified_gmt":"2024-07-08T22:29:09","slug":"accueil","status":"publish","type":"page","link":"https:\/\/blucarelab.com\/fr\/","title":{"rendered":"Accueil"},"content":{"rendered":"\t\t<div data-elementor-type=\"wp-page\" data-elementor-id=\"558\" class=\"elementor elementor-558 elementor-35\" data-elementor-post-type=\"page\">\n\t\t\t\t\t\t\t\t\t<section class=\"elementor-section elementor-top-section elementor-element elementor-element-4993b251 elementor-section-height-min-height elementor-section-items-stretch elementor-section-content-middle elementor-section-full_width elementor-section-height-default\" data-id=\"4993b251\" data-element_type=\"section\" data-settings=\"{&quot;background_background&quot;:&quot;classic&quot;}\">\n\t\t\t\t\t\t<div class=\"elementor-container elementor-column-gap-no\">\n\t\t\t\t\t<div class=\"elementor-column elementor-col-100 elementor-top-column elementor-element elementor-element-10c174a\" data-id=\"10c174a\" data-element_type=\"column\">\n\t\t\t<div class=\"elementor-widget-wrap elementor-element-populated\">\n\t\t\t\t\t\t\t\t<div class=\"elementor-element elementor-element-556756de elementor-invisible elementor-widget elementor-widget-heading\" data-id=\"556756de\" data-element_type=\"widget\" data-settings=\"{&quot;_animation&quot;:&quot;fadeIn&quot;}\" data-widget_type=\"heading.default\">\n\t\t\t\t<div class=\"elementor-widget-container\">\n\t\t\t<style>\/*! elementor - v3.15.0 - 09-08-2023 *\/\n.elementor-heading-title{padding:0;margin:0;line-height:1}.elementor-widget-heading .elementor-heading-title[class*=elementor-size-]>a{color:inherit;font-size:inherit;line-height:inherit}.elementor-widget-heading .elementor-heading-title.elementor-size-small{font-size:15px}.elementor-widget-heading .elementor-heading-title.elementor-size-medium{font-size:19px}.elementor-widget-heading .elementor-heading-title.elementor-size-large{font-size:29px}.elementor-widget-heading .elementor-heading-title.elementor-size-xl{font-size:39px}.elementor-widget-heading .elementor-heading-title.elementor-size-xxl{font-size:59px}<\/style><h1 class=\"elementor-heading-title elementor-size-small\">La Science du Savoir\u2122<\/h1>\t\t<\/div>\n\t\t\t\t<\/div>\n\t\t\t\t<div class=\"elementor-element elementor-element-6e3f07eb elementor-invisible elementor-widget elementor-widget-heading\" data-id=\"6e3f07eb\" data-element_type=\"widget\" data-settings=\"{&quot;_animation&quot;:&quot;fadeIn&quot;}\" data-widget_type=\"heading.default\">\n\t\t\t\t<div class=\"elementor-widget-container\">\n\t\t\t<h5 class=\"elementor-heading-title elementor-size-default\">Surveillez la sant\u00e9 de votre chat \u00e0 la maison avec l'aide de Bl\u00fccare\u00ae<\/h5>\t\t<\/div>\n\t\t\t\t<\/div>\n\t\t\t\t\t<\/div>\n\t\t<\/div>\n\t\t\t\t\t\t\t<\/div>\n\t\t<\/section>\n\t\t\t\t<section class=\"elementor-section elementor-top-section elementor-element elementor-element-19d67c68 elementor-section-content-middle elementor-reverse-mobile elementor-section-height-min-height elementor-section-items-stretch elementor-reverse-tablet elementor-section-full_width elementor-section-height-default\" data-id=\"19d67c68\" data-element_type=\"section\" data-settings=\"{&quot;background_background&quot;:&quot;classic&quot;}\">\n\t\t\t\t\t\t<div class=\"elementor-container elementor-column-gap-no\">\n\t\t\t\t\t<div class=\"elementor-column elementor-col-50 elementor-top-column elementor-element elementor-element-7910b605\" data-id=\"7910b605\" data-element_type=\"column\" data-settings=\"{&quot;background_background&quot;:&quot;classic&quot;}\" data-e-bg-lazyload=\".elementor-element-populated\">\n\t\t\t<div class=\"elementor-widget-wrap elementor-element-populated\">\n\t\t\t\t\t<div class=\"elementor-background-overlay\"><\/div>\n\t\t\t\t\t\t\t\t<div class=\"elementor-element elementor-element-89021be elementor-widget elementor-widget-image\" data-id=\"89021be\" data-element_type=\"widget\" data-widget_type=\"image.default\">\n\t\t\t\t<div class=\"elementor-widget-container\">\n\t\t\t<style>\/*! elementor - v3.15.0 - 09-08-2023 *\/\n.elementor-widget-image{text-align:center}.elementor-widget-image a{display:inline-block}.elementor-widget-image a img[src$=\".svg\"]{width:48px}.elementor-widget-image img{vertical-align:middle;display:inline-block}<\/style>\t\t\t\t\t\t\t\t\t\t\t\t<img loading=\"lazy\" decoding=\"async\" width=\"768\" height=\"1129\" src=\"https:\/\/blucarelab.com\/wp-content\/uploads\/2023\/06\/cat-home-header-768x1129.png\" class=\"attachment-medium_large size-medium_large wp-image-502\" alt=\"\" srcset=\"https:\/\/blucarelab.com\/wp-content\/uploads\/2023\/06\/cat-home-header-768x1129.png 768w, https:\/\/blucarelab.com\/wp-content\/uploads\/2023\/06\/cat-home-header-204x300.png 204w, https:\/\/blucarelab.com\/wp-content\/uploads\/2023\/06\/cat-home-header-697x1024.png 697w, https:\/\/blucarelab.com\/wp-content\/uploads\/2023\/06\/cat-home-header.png 918w\" sizes=\"(max-width: 768px) 100vw, 768px\" \/>\t\t\t\t\t\t\t\t\t\t\t\t\t\t\t<\/div>\n\t\t\t\t<\/div>\n\t\t\t\t\t<\/div>\n\t\t<\/div>\n\t\t\t\t<div class=\"elementor-column elementor-col-50 elementor-top-column elementor-element elementor-element-5a108930\" data-id=\"5a108930\" data-element_type=\"column\">\n\t\t\t<div class=\"elementor-widget-wrap elementor-element-populated\">\n\t\t\t\t\t\t\t\t<div class=\"elementor-element elementor-element-7716de78 elementor-widget elementor-widget-heading\" data-id=\"7716de78\" data-element_type=\"widget\" data-widget_type=\"heading.default\">\n\t\t\t\t<div class=\"elementor-widget-container\">\n\t\t\t<h2 class=\"elementor-heading-title elementor-size-default\">Suivi de la sant\u00e9<\/h2>\t\t<\/div>\n\t\t\t\t<\/div>\n\t\t\t\t<div class=\"elementor-element elementor-element-64dda5d5 elementor-widget elementor-widget-text-editor\" data-id=\"64dda5d5\" data-element_type=\"widget\" data-widget_type=\"text-editor.default\">\n\t\t\t\t<div class=\"elementor-widget-container\">\n\t\t\t<style>\/*! elementor - v3.15.0 - 09-08-2023 *\/\n.elementor-widget-text-editor.elementor-drop-cap-view-stacked .elementor-drop-cap{background-color:#69727d;color:#fff}.elementor-widget-text-editor.elementor-drop-cap-view-framed .elementor-drop-cap{color:#69727d;border:3px solid;background-color:transparent}.elementor-widget-text-editor:not(.elementor-drop-cap-view-default) .elementor-drop-cap{margin-top:8px}.elementor-widget-text-editor:not(.elementor-drop-cap-view-default) .elementor-drop-cap-letter{width:1em;height:1em}.elementor-widget-text-editor .elementor-drop-cap{float:left;text-align:center;line-height:1;font-size:50px}.elementor-widget-text-editor .elementor-drop-cap-letter{display:inline-block}<\/style>\t\t\t\t<\/p>\n<p>Bl\u00fccare d\u00e9veloppe et produit des outils de sant\u00e9 f\u00e9line pour les v\u00e9t\u00e9rinaires et les parents de chats. Nos tests permettent de d\u00e9tecter les signes pr\u00e9coces de maladies chez les chats en suivant les biomarqueurs avec une grande pr\u00e9cision.<\/p>\n\t\t\t\t\t\t<\/div>\n\t\t\t\t<\/div>\n\t\t\t\t\t<\/div>\n\t\t<\/div>\n\t\t\t\t\t\t\t<\/div>\n\t\t<\/section>\n\t\t\t\t<section class=\"elementor-section elementor-top-section elementor-element elementor-element-5dece678 elementor-section-full_width elementor-section-height-default elementor-section-height-default\" data-id=\"5dece678\" data-element_type=\"section\">\n\t\t\t\t\t\t\t<div class=\"elementor-background-overlay\"><\/div>\n\t\t\t\t\t\t\t<div class=\"elementor-container elementor-column-gap-no\">\n\t\t\t\t\t<div class=\"elementor-column elementor-col-100 elementor-top-column elementor-element elementor-element-7d32b741\" data-id=\"7d32b741\" data-element_type=\"column\">\n\t\t\t<div class=\"elementor-widget-wrap elementor-element-populated\">\n\t\t\t\t\t\t\t\t<div class=\"elementor-element elementor-element-14cc8643 elementor-widget elementor-widget-heading\" data-id=\"14cc8643\" data-element_type=\"widget\" data-widget_type=\"heading.default\">\n\t\t\t\t<div class=\"elementor-widget-container\">\n\t\t\t<h2 class=\"elementor-heading-title elementor-size-default\">La Technologie Bl\u00fccare\u00ae<\/h2>\t\t<\/div>\n\t\t\t\t<\/div>\n\t\t\t\t<div class=\"elementor-element elementor-element-46217bb4 elementor-widget elementor-widget-heading\" data-id=\"46217bb4\" data-element_type=\"widget\" data-widget_type=\"heading.default\">\n\t\t\t\t<div class=\"elementor-widget-container\">\n\t\t\t<h5 class=\"elementor-heading-title elementor-size-default\">Le sang et le glucose peuvent \u00eatre des indicateurs pr\u00e9coces de maladies des voies urinaires et de diab\u00e8te f\u00e9lin. Les granules Bl\u00fccare\u00ae sont des outils de d\u00e9tection de biomarqueurs qui vous permettent de d\u00e9tecter le sang et\/ou le glucose dans l'urine de votre chat, m\u00eame \u00e0 de faibles niveaux.<\/h5>\t\t<\/div>\n\t\t\t\t<\/div>\n\t\t\t\t<section class=\"elementor-section elementor-inner-section elementor-element elementor-element-2e1ad396 elementor-section-full_width elementor-section-height-default elementor-section-height-default\" data-id=\"2e1ad396\" data-element_type=\"section\">\n\t\t\t\t\t\t<div class=\"elementor-container elementor-column-gap-no\">\n\t\t\t\t\t<div class=\"elementor-column elementor-col-33 elementor-inner-column elementor-element elementor-element-24752697\" data-id=\"24752697\" data-element_type=\"column\">\n\t\t\t<div class=\"elementor-widget-wrap elementor-element-populated\">\n\t\t\t\t\t\t\t\t<div class=\"elementor-element elementor-element-104bc6af elementor-position-top elementor-widget elementor-widget-image-box\" data-id=\"104bc6af\" data-element_type=\"widget\" data-widget_type=\"image-box.default\">\n\t\t\t\t<div class=\"elementor-widget-container\">\n\t\t\t<style>\/*! elementor - v3.15.0 - 09-08-2023 *\/\n.elementor-widget-image-box .elementor-image-box-content{width:100%}@media (min-width:768px){.elementor-widget-image-box.elementor-position-left .elementor-image-box-wrapper,.elementor-widget-image-box.elementor-position-right .elementor-image-box-wrapper{display:flex}.elementor-widget-image-box.elementor-position-right .elementor-image-box-wrapper{text-align:right;flex-direction:row-reverse}.elementor-widget-image-box.elementor-position-left .elementor-image-box-wrapper{text-align:left;flex-direction:row}.elementor-widget-image-box.elementor-position-top .elementor-image-box-img{margin:auto}.elementor-widget-image-box.elementor-vertical-align-top .elementor-image-box-wrapper{align-items:flex-start}.elementor-widget-image-box.elementor-vertical-align-middle .elementor-image-box-wrapper{align-items:center}.elementor-widget-image-box.elementor-vertical-align-bottom .elementor-image-box-wrapper{align-items:flex-end}}@media (max-width:767px){.elementor-widget-image-box .elementor-image-box-img{margin-left:auto!important;margin-right:auto!important;margin-bottom:15px}}.elementor-widget-image-box .elementor-image-box-img{display:inline-block}.elementor-widget-image-box .elementor-image-box-title a{color:inherit}.elementor-widget-image-box .elementor-image-box-wrapper{text-align:center}.elementor-widget-image-box .elementor-image-box-description{margin:0}<\/style><div class=\"elementor-image-box-wrapper\"><figure class=\"elementor-image-box-img\"><img loading=\"lazy\" decoding=\"async\" width=\"500\" height=\"500\" src=\"https:\/\/blucarelab.com\/wp-content\/uploads\/2023\/06\/1.png\" class=\"elementor-animation-grow attachment-full size-full wp-image-503\" alt=\"\" srcset=\"https:\/\/blucarelab.com\/wp-content\/uploads\/2023\/06\/1.png 500w, https:\/\/blucarelab.com\/wp-content\/uploads\/2023\/06\/1-300x300.png 300w, https:\/\/blucarelab.com\/wp-content\/uploads\/2023\/06\/1-150x150.png 150w\" sizes=\"(max-width: 500px) 100vw, 500px\" \/><\/figure><div class=\"elementor-image-box-content\"><h4 class=\"elementor-image-box-title\">Blanc<\/h4><p class=\"elementor-image-box-description\">Le test est n\u00e9gatif. Il n'y a pas de sang ou de glucose d\u00e9tectable par nos granules dans l'urine de votre chat.<\/p><\/div><\/div>\t\t<\/div>\n\t\t\t\t<\/div>\n\t\t\t\t\t<\/div>\n\t\t<\/div>\n\t\t\t\t<div class=\"elementor-column elementor-col-33 elementor-inner-column elementor-element elementor-element-3f528caf\" data-id=\"3f528caf\" data-element_type=\"column\">\n\t\t\t<div class=\"elementor-widget-wrap elementor-element-populated\">\n\t\t\t\t\t\t\t\t<div class=\"elementor-element elementor-element-2710d9ca elementor-position-top elementor-widget elementor-widget-image-box\" data-id=\"2710d9ca\" data-element_type=\"widget\" data-widget_type=\"image-box.default\">\n\t\t\t\t<div class=\"elementor-widget-container\">\n\t\t\t<div class=\"elementor-image-box-wrapper\"><figure class=\"elementor-image-box-img\"><img loading=\"lazy\" decoding=\"async\" width=\"500\" height=\"500\" src=\"https:\/\/blucarelab.com\/wp-content\/uploads\/2023\/06\/2.png\" class=\"elementor-animation-grow attachment-full size-full wp-image-504\" alt=\"\" srcset=\"https:\/\/blucarelab.com\/wp-content\/uploads\/2023\/06\/2.png 500w, https:\/\/blucarelab.com\/wp-content\/uploads\/2023\/06\/2-300x300.png 300w, https:\/\/blucarelab.com\/wp-content\/uploads\/2023\/06\/2-150x150.png 150w\" sizes=\"(max-width: 500px) 100vw, 500px\" \/><\/figure><div class=\"elementor-image-box-content\"><h4 class=\"elementor-image-box-title\">Bleu p\u00e2le<\/h4><p class=\"elementor-image-box-description\">Une faible quantit\u00e9 de sang ou de glucose a \u00e9t\u00e9 d\u00e9tect\u00e9e. Surveillez votre chat et les granules pendant les prochaines 48 heures et contactez un v\u00e9t\u00e9rinaire si le comportement de votre chat vous inqui\u00e8te.<\/p><\/div><\/div>\t\t<\/div>\n\t\t\t\t<\/div>\n\t\t\t\t\t<\/div>\n\t\t<\/div>\n\t\t\t\t<div class=\"elementor-column elementor-col-33 elementor-inner-column elementor-element elementor-element-81f9089\" data-id=\"81f9089\" data-element_type=\"column\">\n\t\t\t<div class=\"elementor-widget-wrap elementor-element-populated\">\n\t\t\t\t\t\t\t\t<div class=\"elementor-element elementor-element-ea978e0 elementor-position-top elementor-widget elementor-widget-image-box\" data-id=\"ea978e0\" data-element_type=\"widget\" data-widget_type=\"image-box.default\">\n\t\t\t\t<div class=\"elementor-widget-container\">\n\t\t\t<div class=\"elementor-image-box-wrapper\"><figure class=\"elementor-image-box-img\"><img loading=\"lazy\" decoding=\"async\" width=\"500\" height=\"500\" src=\"https:\/\/blucarelab.com\/wp-content\/uploads\/2023\/06\/3.png\" class=\"elementor-animation-grow attachment-full size-full wp-image-505\" alt=\"\" srcset=\"https:\/\/blucarelab.com\/wp-content\/uploads\/2023\/06\/3.png 500w, https:\/\/blucarelab.com\/wp-content\/uploads\/2023\/06\/3-300x300.png 300w, https:\/\/blucarelab.com\/wp-content\/uploads\/2023\/06\/3-150x150.png 150w\" sizes=\"(max-width: 500px) 100vw, 500px\" \/><\/figure><div class=\"elementor-image-box-content\"><h4 class=\"elementor-image-box-title\">Bleu<\/h4><p class=\"elementor-image-box-description\">Les granules ont d\u00e9tect\u00e9 du sang ou du glucose dans l'urine de votre chat. Il est conseill\u00e9 de consulter un v\u00e9t\u00e9rinaire.<\/p><\/div><\/div>\t\t<\/div>\n\t\t\t\t<\/div>\n\t\t\t\t\t<\/div>\n\t\t<\/div>\n\t\t\t\t\t\t\t<\/div>\n\t\t<\/section>\n\t\t\t\t<div class=\"elementor-element elementor-element-1bbb38ef elementor-align-center elementor-invisible elementor-widget elementor-widget-button\" data-id=\"1bbb38ef\" data-element_type=\"widget\" data-settings=\"{&quot;_animation&quot;:&quot;fadeIn&quot;}\" data-widget_type=\"button.default\">\n\t\t\t\t<div class=\"elementor-widget-container\">\n\t\t\t\t\t<div class=\"elementor-button-wrapper\">\n\t\t\t<a class=\"elementor-button elementor-button-link elementor-size-md\" href=\"https:\/\/blucarelab.com\/fr\/mode-d-emploi\/\">\n\t\t\t\t\t\t<span class=\"elementor-button-content-wrapper\">\n\t\t\t\t\t\t<span class=\"elementor-button-text\">En savoir plus<\/span>\n\t\t<\/span>\n\t\t\t\t\t<\/a>\n\t\t<\/div>\n\t\t\t\t<\/div>\n\t\t\t\t<\/div>\n\t\t\t\t\t<\/div>\n\t\t<\/div>\n\t\t\t\t\t\t\t<\/div>\n\t\t<\/section>\n\t\t<div class=\"elementor-element elementor-element-fc4f79b e-flex e-con-boxed e-con\" data-id=\"fc4f79b\" data-element_type=\"container\" data-settings=\"{&quot;content_width&quot;:&quot;boxed&quot;}\">\n\t\t\t\t\t<div class=\"e-con-inner\">\n\t\t<div class=\"elementor-element elementor-element-ff5d179 e-con-full e-flex e-con\" data-id=\"ff5d179\" data-element_type=\"container\" data-settings=\"{&quot;content_width&quot;:&quot;full&quot;}\">\n\t\t\t\t<div class=\"elementor-element elementor-element-7e6b472 elementor-widget elementor-widget-image\" data-id=\"7e6b472\" data-element_type=\"widget\" data-widget_type=\"image.default\">\n\t\t\t\t<div class=\"elementor-widget-container\">\n\t\t\t\t\t\t\t\t\t\t\t\t\t\t\t<img loading=\"lazy\" decoding=\"async\" width=\"300\" height=\"300\" src=\"https:\/\/blucarelab.com\/wp-content\/uploads\/2023\/09\/Veterinarian-Approved_Logo_CA_EN-FR_RGB_230202-300x300.png\" class=\"attachment-medium size-medium wp-image-1345\" alt=\"\" srcset=\"https:\/\/blucarelab.com\/wp-content\/uploads\/2023\/09\/Veterinarian-Approved_Logo_CA_EN-FR_RGB_230202-300x300.png 300w, https:\/\/blucarelab.com\/wp-content\/uploads\/2023\/09\/Veterinarian-Approved_Logo_CA_EN-FR_RGB_230202-150x150.png 150w, https:\/\/blucarelab.com\/wp-content\/uploads\/2023\/09\/Veterinarian-Approved_Logo_CA_EN-FR_RGB_230202.png 556w\" sizes=\"(max-width: 300px) 100vw, 300px\" \/>\t\t\t\t\t\t\t\t\t\t\t\t\t\t\t<\/div>\n\t\t\t\t<\/div>\n\t\t\t\t<\/div>\n\t\t<div class=\"elementor-element elementor-element-ce9ae39 e-con-full e-flex e-con\" data-id=\"ce9ae39\" data-element_type=\"container\" data-settings=\"{&quot;content_width&quot;:&quot;full&quot;}\">\n\t\t\t\t<div class=\"elementor-element elementor-element-0be1bc3 elementor-widget elementor-widget-heading\" data-id=\"0be1bc3\" data-element_type=\"widget\" data-widget_type=\"heading.default\">\n\t\t\t\t<div class=\"elementor-widget-container\">\n\t\t\t<h2 class=\"elementor-heading-title elementor-size-large\">Approuv\u00e9 par les v\u00e9t\u00e9rinaires<\/h2>\t\t<\/div>\n\t\t\t\t<\/div>\n\t\t\t\t<div class=\"elementor-element elementor-element-d9ddd6b elementor-widget elementor-widget-text-editor\" data-id=\"d9ddd6b\" data-element_type=\"widget\" data-widget_type=\"text-editor.default\">\n\t\t\t\t<div class=\"elementor-widget-container\">\n\t\t\t\t\t\t\t<p>Nous travaillons avec une \u00e9quipe de v\u00e9t\u00e9rinaires exp\u00e9riment\u00e9s d&rsquo;Am\u00e9rique du Nord et d&rsquo;Europe qui nous accompagnent avec rigueur dans le d\u00e9veloppement de nos produits. Tous nos produits sont \u00e9tudi\u00e9s et approuv\u00e9s \u00e0 l&rsquo;interne et \u00e0 l&rsquo;externe.<\/p>\t\t\t\t\t\t<\/div>\n\t\t\t\t<\/div>\n\t\t\t\t<\/div>\n\t\t\t\t\t<\/div>\n\t\t\t\t<\/div>\n\t\t\t\t\t\t\t<\/div>\n\t\t","protected":false},"excerpt":{"rendered":"<p>La Science du Savoir\u2122 Surveillez la sant\u00e9 de votre chat \u00e0 la maison avec l&rsquo;aide de Bl\u00fccare\u00ae Suivi de la sant\u00e9 Bl\u00fccare d\u00e9veloppe et produit des outils de sant\u00e9 f\u00e9line pour les v\u00e9t\u00e9rinaires et les parents de chats. Nos tests permettent de d\u00e9tecter les signes pr\u00e9coces de maladies chez les chats en suivant les biomarqueurs [&hellip;]<\/p>\n","protected":false},"author":1,"featured_media":0,"parent":0,"menu_order":0,"comment_status":"closed","ping_status":"closed","template":"elementor_header_footer","meta":{"footnotes":""},"aioseo_notices":[],"_links":{"self":[{"href":"https:\/\/blucarelab.com\/fr\/wp-json\/wp\/v2\/pages\/558"}],"collection":[{"href":"https:\/\/blucarelab.com\/fr\/wp-json\/wp\/v2\/pages"}],"about":[{"href":"https:\/\/blucarelab.com\/fr\/wp-json\/wp\/v2\/types\/page"}],"author":[{"embeddable":true,"href":"https:\/\/blucarelab.com\/fr\/wp-json\/wp\/v2\/users\/1"}],"replies":[{"embeddable":true,"href":"https:\/\/blucarelab.com\/fr\/wp-json\/wp\/v2\/comments?post=558"}],"version-history":[{"count":83,"href":"https:\/\/blucarelab.com\/fr\/wp-json\/wp\/v2\/pages\/558\/revisions"}],"predecessor-version":[{"id":2017,"href":"https:\/\/blucarelab.com\/fr\/wp-json\/wp\/v2\/pages\/558\/revisions\/2017"}],"wp:attachment":[{"href":"https:\/\/blucarelab.com\/fr\/wp-json\/wp\/v2\/media?parent=558"}],"curies":[{"name":"wp","href":"https:\/\/api.w.org\/{rel}","templated":true}]}}