{"id":536,"date":"2023-08-15T16:07:36","date_gmt":"2023-08-15T20:07:36","guid":{"rendered":"https:\/\/blucarelab.com\/nos-produits\/"},"modified":"2026-03-20T09:31:40","modified_gmt":"2026-03-20T13:31:40","slug":"nos-produits","status":"publish","type":"page","link":"https:\/\/blucarelab.com\/fr\/nos-produits\/","title":{"rendered":"Nos produits"},"content":{"rendered":"\t\t<div data-elementor-type=\"wp-page\" data-elementor-id=\"536\" class=\"elementor elementor-536 elementor-462\" data-elementor-post-type=\"page\">\n\t\t\t\t\t\t\t<div class=\"elementor-element elementor-element-87cf3b7 e-con-full e-flex e-con\" data-id=\"87cf3b7\" data-element_type=\"container\" data-settings=\"{&quot;content_width&quot;:&quot;full&quot;,&quot;background_background&quot;:&quot;classic&quot;}\">\n\t\t\t\t<div class=\"elementor-element elementor-element-b24e58f elementor-widget elementor-widget-heading\" data-id=\"b24e58f\" data-element_type=\"widget\" data-widget_type=\"heading.default\">\n\t\t\t\t<div class=\"elementor-widget-container\">\n\t\t\t<style>\/*! elementor - v3.15.0 - 09-08-2023 *\/\n.elementor-heading-title{padding:0;margin:0;line-height:1}.elementor-widget-heading .elementor-heading-title[class*=elementor-size-]>a{color:inherit;font-size:inherit;line-height:inherit}.elementor-widget-heading .elementor-heading-title.elementor-size-small{font-size:15px}.elementor-widget-heading .elementor-heading-title.elementor-size-medium{font-size:19px}.elementor-widget-heading .elementor-heading-title.elementor-size-large{font-size:29px}.elementor-widget-heading .elementor-heading-title.elementor-size-xl{font-size:39px}.elementor-widget-heading .elementor-heading-title.elementor-size-xxl{font-size:59px}<\/style><h1 class=\"elementor-heading-title elementor-size-xl\">Nos produits<\/h1>\t\t<\/div>\n\t\t\t\t<\/div>\n\t\t\t\t<\/div>\n\t\t<div class=\"elementor-element elementor-element-abe303e e-con-full e-flex e-con\" data-id=\"abe303e\" data-element_type=\"container\" data-settings=\"{&quot;content_width&quot;:&quot;full&quot;}\">\n\t\t<div class=\"elementor-element elementor-element-faf9b48 e-con-full e-flex e-con\" data-id=\"faf9b48\" data-element_type=\"container\" data-settings=\"{&quot;content_width&quot;:&quot;full&quot;}\">\n\t\t\t\t<div class=\"elementor-element elementor-element-f16c167 elementor-widget__width-inherit elementor-widget elementor-widget-image\" data-id=\"f16c167\" data-element_type=\"widget\" data-widget_type=\"image.default\">\n\t\t\t\t<div class=\"elementor-widget-container\">\n\t\t\t<style>\/*! elementor - v3.15.0 - 09-08-2023 *\/\n.elementor-widget-image{text-align:center}.elementor-widget-image a{display:inline-block}.elementor-widget-image a img[src$=\".svg\"]{width:48px}.elementor-widget-image img{vertical-align:middle;display:inline-block}<\/style>\t\t\t\t\t\t\t\t\t\t\t\t<img loading=\"lazy\" decoding=\"async\" width=\"768\" height=\"768\" src=\"https:\/\/blucarelab.com\/wp-content\/uploads\/2026\/03\/INTS_3D_PKG_Peepads_FR-768x768.jpg\" class=\"attachment-medium_large size-medium_large wp-image-2043\" alt=\"Blucare Tapis hygi\u00e9nique\" srcset=\"https:\/\/blucarelab.com\/wp-content\/uploads\/2026\/03\/INTS_3D_PKG_Peepads_FR-768x768.jpg 768w, https:\/\/blucarelab.com\/wp-content\/uploads\/2026\/03\/INTS_3D_PKG_Peepads_FR-300x300.jpg 300w, https:\/\/blucarelab.com\/wp-content\/uploads\/2026\/03\/INTS_3D_PKG_Peepads_FR-1024x1024.jpg 1024w, https:\/\/blucarelab.com\/wp-content\/uploads\/2026\/03\/INTS_3D_PKG_Peepads_FR-150x150.jpg 150w, https:\/\/blucarelab.com\/wp-content\/uploads\/2026\/03\/INTS_3D_PKG_Peepads_FR-1536x1536.jpg 1536w, https:\/\/blucarelab.com\/wp-content\/uploads\/2026\/03\/INTS_3D_PKG_Peepads_FR-2048x2048.jpg 2048w\" sizes=\"(max-width: 768px) 100vw, 768px\" \/>\t\t\t\t\t\t\t\t\t\t\t\t\t\t\t<\/div>\n\t\t\t\t<\/div>\n\t\t\t\t<\/div>\n\t\t<div class=\"elementor-element elementor-element-a4bb8be e-con-full e-flex e-con\" data-id=\"a4bb8be\" data-element_type=\"container\" data-settings=\"{&quot;content_width&quot;:&quot;full&quot;}\">\n\t\t\t\t<div class=\"elementor-element elementor-element-0014360 elementor-widget elementor-widget-heading\" data-id=\"0014360\" data-element_type=\"widget\" data-widget_type=\"heading.default\">\n\t\t\t\t<div class=\"elementor-widget-container\">\n\t\t\t<h2 class=\"elementor-heading-title elementor-size-large\">Bl\u00fccare\u00ae Tapis Hygi\u00e9nique<\/h2>\t\t<\/div>\n\t\t\t\t<\/div>\n\t\t\t\t<div class=\"elementor-element elementor-element-39a9fbc elementor-widget elementor-widget-text-editor\" data-id=\"39a9fbc\" data-element_type=\"widget\" data-widget_type=\"text-editor.default\">\n\t\t\t\t<div class=\"elementor-widget-container\">\n\t\t\t<style>\/*! elementor - v3.15.0 - 09-08-2023 *\/\n.elementor-widget-text-editor.elementor-drop-cap-view-stacked .elementor-drop-cap{background-color:#69727d;color:#fff}.elementor-widget-text-editor.elementor-drop-cap-view-framed .elementor-drop-cap{color:#69727d;border:3px solid;background-color:transparent}.elementor-widget-text-editor:not(.elementor-drop-cap-view-default) .elementor-drop-cap{margin-top:8px}.elementor-widget-text-editor:not(.elementor-drop-cap-view-default) .elementor-drop-cap-letter{width:1em;height:1em}.elementor-widget-text-editor .elementor-drop-cap{float:left;text-align:center;line-height:1;font-size:50px}.elementor-widget-text-editor .elementor-drop-cap-letter{display:inline-block}<\/style>\t\t\t\t<p data-start=\"68\" data-end=\"335\">Les tapis hygi\u00e9niques Bl\u00fccare\u00ae aident \u00e0<strong> d\u00e9tecter la pr\u00e9sence de traces de sang dans l\u2019urine de votre chien<\/strong> \u00e0 un stade pr\u00e9coce. Contrairement aux tapis de surveillance bas\u00e9s sur le pH, Bl\u00fccare\u00ae r\u00e9agit sp\u00e9cifiquement \u00e0 la pr\u00e9sence de sang pour une d\u00e9tection plus cibl\u00e9e.<\/p><ul><li data-start=\"339\" data-end=\"381\">D\u00e9tecte la pr\u00e9sence de <strong>sang dans l\u2019urine<\/strong><\/li><li data-start=\"384\" data-end=\"421\">R\u00e9sultats rapides et faciles \u00e0 lire<\/li><li data-start=\"424\" data-end=\"455\"><strong>Approuv\u00e9 par des v\u00e9t\u00e9rinaires<\/strong><\/li><li data-start=\"458\" data-end=\"484\">Technologie non invasive<\/li><li data-start=\"487\" data-end=\"545\">Contient 10 tapis de surveillance de la sant\u00e9<\/li><li data-start=\"548\" data-end=\"595\">5 couches antifuites avec contr\u00f4le des odeurs<\/li><\/ul>\t\t\t\t\t\t<\/div>\n\t\t\t\t<\/div>\n\t\t\t\t<\/div>\n\t\t\t\t<\/div>\n\t\t<div class=\"elementor-element elementor-element-6214f18 e-flex e-con-boxed e-con\" data-id=\"6214f18\" data-element_type=\"container\" data-settings=\"{&quot;content_width&quot;:&quot;boxed&quot;}\">\n\t\t\t\t\t<div class=\"e-con-inner\">\n\t\t\t\t<div class=\"elementor-element elementor-element-ea69656 elementor-widget-divider--view-line elementor-widget elementor-widget-divider\" data-id=\"ea69656\" data-element_type=\"widget\" data-widget_type=\"divider.default\">\n\t\t\t\t<div class=\"elementor-widget-container\">\n\t\t\t<style>\/*! elementor - v3.15.0 - 09-08-2023 *\/\n.elementor-widget-divider{--divider-border-style:none;--divider-border-width:1px;--divider-color:#0c0d0e;--divider-icon-size:20px;--divider-element-spacing:10px;--divider-pattern-height:24px;--divider-pattern-size:20px;--divider-pattern-url:none;--divider-pattern-repeat:repeat-x}.elementor-widget-divider .elementor-divider{display:flex}.elementor-widget-divider .elementor-divider__text{font-size:15px;line-height:1;max-width:95%}.elementor-widget-divider .elementor-divider__element{margin:0 var(--divider-element-spacing);flex-shrink:0}.elementor-widget-divider .elementor-icon{font-size:var(--divider-icon-size)}.elementor-widget-divider .elementor-divider-separator{display:flex;margin:0;direction:ltr}.elementor-widget-divider--view-line_icon .elementor-divider-separator,.elementor-widget-divider--view-line_text .elementor-divider-separator{align-items:center}.elementor-widget-divider--view-line_icon .elementor-divider-separator:after,.elementor-widget-divider--view-line_icon .elementor-divider-separator:before,.elementor-widget-divider--view-line_text .elementor-divider-separator:after,.elementor-widget-divider--view-line_text .elementor-divider-separator:before{display:block;content:\"\";border-bottom:0;flex-grow:1;border-top:var(--divider-border-width) var(--divider-border-style) var(--divider-color)}.elementor-widget-divider--element-align-left .elementor-divider .elementor-divider-separator>.elementor-divider__svg:first-of-type{flex-grow:0;flex-shrink:100}.elementor-widget-divider--element-align-left .elementor-divider-separator:before{content:none}.elementor-widget-divider--element-align-left .elementor-divider__element{margin-left:0}.elementor-widget-divider--element-align-right .elementor-divider .elementor-divider-separator>.elementor-divider__svg:last-of-type{flex-grow:0;flex-shrink:100}.elementor-widget-divider--element-align-right .elementor-divider-separator:after{content:none}.elementor-widget-divider--element-align-right .elementor-divider__element{margin-right:0}.elementor-widget-divider:not(.elementor-widget-divider--view-line_text):not(.elementor-widget-divider--view-line_icon) .elementor-divider-separator{border-top:var(--divider-border-width) var(--divider-border-style) var(--divider-color)}.elementor-widget-divider--separator-type-pattern{--divider-border-style:none}.elementor-widget-divider--separator-type-pattern.elementor-widget-divider--view-line .elementor-divider-separator,.elementor-widget-divider--separator-type-pattern:not(.elementor-widget-divider--view-line) .elementor-divider-separator:after,.elementor-widget-divider--separator-type-pattern:not(.elementor-widget-divider--view-line) .elementor-divider-separator:before,.elementor-widget-divider--separator-type-pattern:not([class*=elementor-widget-divider--view]) .elementor-divider-separator{width:100%;min-height:var(--divider-pattern-height);-webkit-mask-size:var(--divider-pattern-size) 100%;mask-size:var(--divider-pattern-size) 100%;-webkit-mask-repeat:var(--divider-pattern-repeat);mask-repeat:var(--divider-pattern-repeat);background-color:var(--divider-color);-webkit-mask-image:var(--divider-pattern-url);mask-image:var(--divider-pattern-url)}.elementor-widget-divider--no-spacing{--divider-pattern-size:auto}.elementor-widget-divider--bg-round{--divider-pattern-repeat:round}.rtl .elementor-widget-divider .elementor-divider__text{direction:rtl}.e-con-inner>.elementor-widget-divider,.e-con>.elementor-widget-divider{width:var(--container-widget-width,100%);--flex-grow:var(--container-widget-flex-grow)}<\/style>\t\t<div class=\"elementor-divider\">\n\t\t\t<span class=\"elementor-divider-separator\">\n\t\t\t\t\t\t<\/span>\n\t\t<\/div>\n\t\t\t\t<\/div>\n\t\t\t\t<\/div>\n\t\t\t\t\t<\/div>\n\t\t\t\t<\/div>\n\t\t<div class=\"elementor-element elementor-element-1b16470 e-con-full e-flex e-con\" data-id=\"1b16470\" data-element_type=\"container\" data-settings=\"{&quot;content_width&quot;:&quot;full&quot;}\">\n\t\t<div class=\"elementor-element elementor-element-ac79ad0 e-con-full e-flex e-con\" data-id=\"ac79ad0\" data-element_type=\"container\" data-settings=\"{&quot;content_width&quot;:&quot;full&quot;}\">\n\t\t\t\t<div class=\"elementor-element elementor-element-2540cd5 elementor-widget__width-inherit elementor-widget elementor-widget-image\" data-id=\"2540cd5\" data-element_type=\"widget\" data-widget_type=\"image.default\">\n\t\t\t\t<div class=\"elementor-widget-container\">\n\t\t\t\t\t\t\t\t\t\t\t\t\t\t\t<img loading=\"lazy\" decoding=\"async\" width=\"500\" height=\"500\" src=\"https:\/\/blucarelab.com\/wp-content\/uploads\/2023\/08\/BLUCARE-MULTI-e1692301121395.png\" class=\"attachment-medium_large size-medium_large wp-image-795\" alt=\"\" \/>\t\t\t\t\t\t\t\t\t\t\t\t\t\t\t<\/div>\n\t\t\t\t<\/div>\n\t\t\t\t<\/div>\n\t\t<div class=\"elementor-element elementor-element-3f561c9 e-con-full e-flex e-con\" data-id=\"3f561c9\" data-element_type=\"container\" data-settings=\"{&quot;content_width&quot;:&quot;full&quot;}\">\n\t\t\t\t<div class=\"elementor-element elementor-element-e753eb6 elementor-widget elementor-widget-heading\" data-id=\"e753eb6\" data-element_type=\"widget\" data-widget_type=\"heading.default\">\n\t\t\t\t<div class=\"elementor-widget-container\">\n\t\t\t<h2 class=\"elementor-heading-title elementor-size-large\">Bl\u00fccare\u00ae Multi pour la liti\u00e8re<\/h2>\t\t<\/div>\n\t\t\t\t<\/div>\n\t\t\t\t<div class=\"elementor-element elementor-element-fe7ab5b elementor-widget elementor-widget-text-editor\" data-id=\"fe7ab5b\" data-element_type=\"widget\" data-widget_type=\"text-editor.default\">\n\t\t\t\t<div class=\"elementor-widget-container\">\n\t\t\t\t\t\t\t<p>Notre produit le plus r\u00e9cent et le plus populaire! Bl\u00fccare Multi-D\u00e9tection est un outil de surveillance de la sant\u00e9 f\u00e9line utilisable \u00e0 la maison.<\/p><p>Il d\u00e9tecte la pr\u00e9sence de sang et de glucose dans l\u2019urine du chat, qui peuvent \u00eatre des signes pr\u00e9coces de maladie urinaire ou de diab\u00e8te f\u00e9lin.<\/p><ul><li>D\u00e9tecte le <strong>sang<\/strong> et le <strong>glucose<\/strong><\/li><li>R\u00e9sultats rapides et faciles \u00e0 lire<\/li><li><strong>Approuv\u00e9 par les v\u00e9t\u00e9rinaires<\/strong><\/li><li>Technologie non-invasive<\/li><li>Contient 15g de granules<\/li><\/ul><div>\u00a0<\/div><div>Vendu exclusivement avec <a href=\"https:\/\/odourlock.com\/en\/products\/maxcare\/\" target=\"_blank\" rel=\"noopener\">OdourLock maxCare<\/a>.<\/div>\t\t\t\t\t\t<\/div>\n\t\t\t\t<\/div>\n\t\t\t\t<\/div>\n\t\t\t\t<\/div>\n\t\t<div class=\"elementor-element elementor-element-454283c e-flex e-con-boxed e-con\" data-id=\"454283c\" data-element_type=\"container\" data-settings=\"{&quot;content_width&quot;:&quot;boxed&quot;}\">\n\t\t\t\t\t<div class=\"e-con-inner\">\n\t\t\t\t<div class=\"elementor-element elementor-element-9d9f24e elementor-widget-divider--view-line elementor-widget elementor-widget-divider\" data-id=\"9d9f24e\" data-element_type=\"widget\" data-widget_type=\"divider.default\">\n\t\t\t\t<div class=\"elementor-widget-container\">\n\t\t\t\t\t<div class=\"elementor-divider\">\n\t\t\t<span class=\"elementor-divider-separator\">\n\t\t\t\t\t\t<\/span>\n\t\t<\/div>\n\t\t\t\t<\/div>\n\t\t\t\t<\/div>\n\t\t\t\t\t<\/div>\n\t\t\t\t<\/div>\n\t\t<div class=\"elementor-element elementor-element-34e126c e-con-full e-flex e-con\" data-id=\"34e126c\" data-element_type=\"container\" data-settings=\"{&quot;content_width&quot;:&quot;full&quot;}\">\n\t\t<div class=\"elementor-element elementor-element-f97d7b9 e-con-full e-flex e-con\" data-id=\"f97d7b9\" data-element_type=\"container\" data-settings=\"{&quot;content_width&quot;:&quot;full&quot;}\">\n\t\t\t\t<div class=\"elementor-element elementor-element-b91defe elementor-widget__width-inherit elementor-widget elementor-widget-image\" data-id=\"b91defe\" data-element_type=\"widget\" data-widget_type=\"image.default\">\n\t\t\t\t<div class=\"elementor-widget-container\">\n\t\t\t\t\t\t\t\t\t\t\t\t\t\t\t<img loading=\"lazy\" decoding=\"async\" width=\"500\" height=\"500\" src=\"https:\/\/blucarelab.com\/wp-content\/uploads\/2023\/08\/BLUCARE-Hematuria-1-e1692301145517.png\" class=\"attachment-medium_large size-medium_large wp-image-799\" alt=\"\" \/>\t\t\t\t\t\t\t\t\t\t\t\t\t\t\t<\/div>\n\t\t\t\t<\/div>\n\t\t\t\t<\/div>\n\t\t<div class=\"elementor-element elementor-element-0f7d5b8 e-con-full e-flex e-con\" data-id=\"0f7d5b8\" data-element_type=\"container\" data-settings=\"{&quot;content_width&quot;:&quot;full&quot;}\">\n\t\t\t\t<div class=\"elementor-element elementor-element-b11ceec elementor-widget elementor-widget-heading\" data-id=\"b11ceec\" data-element_type=\"widget\" data-widget_type=\"heading.default\">\n\t\t\t\t<div class=\"elementor-widget-container\">\n\t\t\t<h2 class=\"elementor-heading-title elementor-size-large\">Bl\u00fccare\u00ae H\u00e9maturie pour la liti\u00e8re<\/h2>\t\t<\/div>\n\t\t\t\t<\/div>\n\t\t\t\t<div class=\"elementor-element elementor-element-efab7d2 elementor-widget elementor-widget-text-editor\" data-id=\"efab7d2\" data-element_type=\"widget\" data-widget_type=\"text-editor.default\">\n\t\t\t\t<div class=\"elementor-widget-container\">\n\t\t\t\t\t\t\t<p>Les granules H\u00e9maturie ont \u00e9t\u00e9 d\u00e9velopp\u00e9s uniquement pour un usage v\u00e9t\u00e9rinaire. Il contient deux petits sachets de granules qui d\u00e9tectent sp\u00e9cifiquement le sang dans les urines et peuvent \u00eatre prescrits en d\u00e9pistage ou en suivi apr\u00e8s une intervention chirurgicale ou un traitement.<\/p><ul><li>Ne d\u00e9tecte que le <strong>sang<\/strong><\/li><li>Contient deux sachets de 20g<\/li><li><strong>Approuv\u00e9 par les v\u00e9t\u00e9rinaires<\/strong><\/li><li>Fonctionne avec la plupart des liti\u00e8res d&rsquo;argile<\/li><li>Technologie non-invasive<\/li><\/ul><p>\u00a0<\/p><p><strong>Disponible au Canada<\/strong> <strong>seulement<\/strong>. Demandez Bl\u00fccare \u00e0 votre v\u00e9t\u00e9rinaire. Si vous \u00eates v\u00e9t\u00e9rinaire et que vous \u00eates int\u00e9ress\u00e9 par la vente de Bl\u00fccare, veuillez<a href=\"https:\/\/blucarelab.com\/fr\/nous-contacter\" target=\"_blank\" rel=\"noopener\">\u00a0<span style=\"text-decoration: underline;\">nous contacter<\/span><\/a>.<\/p>\t\t\t\t\t\t<\/div>\n\t\t\t\t<\/div>\n\t\t\t\t<\/div>\n\t\t\t\t<\/div>\n\t\t<div class=\"elementor-element elementor-element-a9722a6 e-flex e-con-boxed e-con\" data-id=\"a9722a6\" data-element_type=\"container\" data-settings=\"{&quot;content_width&quot;:&quot;boxed&quot;}\">\n\t\t\t\t\t<div class=\"e-con-inner\">\n\t\t\t\t<div class=\"elementor-element elementor-element-8150686 elementor-widget-divider--view-line elementor-widget elementor-widget-divider\" data-id=\"8150686\" data-element_type=\"widget\" data-widget_type=\"divider.default\">\n\t\t\t\t<div class=\"elementor-widget-container\">\n\t\t\t\t\t<div class=\"elementor-divider\">\n\t\t\t<span class=\"elementor-divider-separator\">\n\t\t\t\t\t\t<\/span>\n\t\t<\/div>\n\t\t\t\t<\/div>\n\t\t\t\t<\/div>\n\t\t\t\t\t<\/div>\n\t\t\t\t<\/div>\n\t\t\t\t\t\t\t<\/div>\n\t\t","protected":false},"excerpt":{"rendered":"<p>Nos produits Bl\u00fccare\u00ae Tapis Hygi\u00e9nique Les tapis hygi\u00e9niques Bl\u00fccare\u00ae aident \u00e0 d\u00e9tecter la pr\u00e9sence de traces de sang dans l\u2019urine de votre chien \u00e0 un stade pr\u00e9coce. Contrairement aux tapis de surveillance bas\u00e9s sur le pH, Bl\u00fccare\u00ae r\u00e9agit sp\u00e9cifiquement \u00e0 la pr\u00e9sence de sang pour une d\u00e9tection plus cibl\u00e9e. D\u00e9tecte la pr\u00e9sence de sang dans [&hellip;]<\/p>\n","protected":false},"author":1,"featured_media":0,"parent":0,"menu_order":0,"comment_status":"closed","ping_status":"closed","template":"","meta":{"footnotes":""},"aioseo_notices":[],"_links":{"self":[{"href":"https:\/\/blucarelab.com\/fr\/wp-json\/wp\/v2\/pages\/536"}],"collection":[{"href":"https:\/\/blucarelab.com\/fr\/wp-json\/wp\/v2\/pages"}],"about":[{"href":"https:\/\/blucarelab.com\/fr\/wp-json\/wp\/v2\/types\/page"}],"author":[{"embeddable":true,"href":"https:\/\/blucarelab.com\/fr\/wp-json\/wp\/v2\/users\/1"}],"replies":[{"embeddable":true,"href":"https:\/\/blucarelab.com\/fr\/wp-json\/wp\/v2\/comments?post=536"}],"version-history":[{"count":44,"href":"https:\/\/blucarelab.com\/fr\/wp-json\/wp\/v2\/pages\/536\/revisions"}],"predecessor-version":[{"id":2050,"href":"https:\/\/blucarelab.com\/fr\/wp-json\/wp\/v2\/pages\/536\/revisions\/2050"}],"wp:attachment":[{"href":"https:\/\/blucarelab.com\/fr\/wp-json\/wp\/v2\/media?parent=536"}],"curies":[{"name":"wp","href":"https:\/\/api.w.org\/{rel}","templated":true}]}}