{"id":1165,"date":"2023-09-05T11:51:59","date_gmt":"2023-09-05T15:51:59","guid":{"rendered":"https:\/\/blucarelab.com\/publications-scientifiques\/"},"modified":"2023-11-09T11:12:47","modified_gmt":"2023-11-09T16:12:47","slug":"publications-scientifiques","status":"publish","type":"page","link":"https:\/\/blucarelab.com\/fr\/publications-scientifiques\/","title":{"rendered":"Publications scientifiques"},"content":{"rendered":"\t\t<div data-elementor-type=\"wp-page\" data-elementor-id=\"1165\" class=\"elementor elementor-1165 elementor-1163\" data-elementor-post-type=\"page\">\n\t\t\t\t\t\t\t<div class=\"elementor-element elementor-element-7abcf83 e-flex e-con-boxed e-con\" data-id=\"7abcf83\" data-element_type=\"container\" data-settings=\"{&quot;background_background&quot;:&quot;classic&quot;,&quot;content_width&quot;:&quot;boxed&quot;}\">\n\t\t\t\t\t<div class=\"e-con-inner\">\n\t\t\t\t<div class=\"elementor-element elementor-element-4b74eff elementor-widget elementor-widget-heading\" data-id=\"4b74eff\" data-element_type=\"widget\" data-widget_type=\"heading.default\">\n\t\t\t\t<div class=\"elementor-widget-container\">\n\t\t\t<style>\/*! elementor - v3.15.0 - 09-08-2023 *\/\n.elementor-heading-title{padding:0;margin:0;line-height:1}.elementor-widget-heading .elementor-heading-title[class*=elementor-size-]>a{color:inherit;font-size:inherit;line-height:inherit}.elementor-widget-heading .elementor-heading-title.elementor-size-small{font-size:15px}.elementor-widget-heading .elementor-heading-title.elementor-size-medium{font-size:19px}.elementor-widget-heading .elementor-heading-title.elementor-size-large{font-size:29px}.elementor-widget-heading .elementor-heading-title.elementor-size-xl{font-size:39px}.elementor-widget-heading .elementor-heading-title.elementor-size-xxl{font-size:59px}<\/style><h2 class=\"elementor-heading-title elementor-size-large\">Publications scientifiques<\/h2>\t\t<\/div>\n\t\t\t\t<\/div>\n\t\t\t\t\t<\/div>\n\t\t\t\t<\/div>\n\t\t<div class=\"elementor-element elementor-element-e35fd32 e-con-full e-flex e-con\" data-id=\"e35fd32\" data-element_type=\"container\" data-settings=\"{&quot;content_width&quot;:&quot;full&quot;}\">\n\t\t\t\t<div class=\"elementor-element elementor-element-df69402 elementor-widget elementor-widget-text-editor\" data-id=\"df69402\" data-element_type=\"widget\" data-widget_type=\"text-editor.default\">\n\t\t\t\t<div class=\"elementor-widget-container\">\n\t\t\t<style>\/*! elementor - v3.15.0 - 09-08-2023 *\/\n.elementor-widget-text-editor.elementor-drop-cap-view-stacked .elementor-drop-cap{background-color:#69727d;color:#fff}.elementor-widget-text-editor.elementor-drop-cap-view-framed .elementor-drop-cap{color:#69727d;border:3px solid;background-color:transparent}.elementor-widget-text-editor:not(.elementor-drop-cap-view-default) .elementor-drop-cap{margin-top:8px}.elementor-widget-text-editor:not(.elementor-drop-cap-view-default) .elementor-drop-cap-letter{width:1em;height:1em}.elementor-widget-text-editor .elementor-drop-cap{float:left;text-align:center;line-height:1;font-size:50px}.elementor-widget-text-editor .elementor-drop-cap-letter{display:inline-block}<\/style>\t\t\t\t<p>Cette section r\u00e9pertorie la plupart des publications scientifiques \u00e0 ce jour concernant les <strong>granules Bl\u00fccare\u00ae<\/strong>.<\/p><h6><strong>Produit de Glucosurie commercialis\u00e9<\/strong><\/h6><ul><li><a href=\"https:\/\/blucarelab.com\/wp-content\/uploads\/2023\/09\/Diquelou-A.-et-al.-2020-RELIABILITY-ASSESSMENT-OF-A-NOVEL-HOME-SCREENING-TEST-FOR-FELINE-GLUCOSURIA-Poster-ECVIM.pdf\" target=\"_blank\" rel=\"noopener\"><span style=\"text-decoration: underline;\">Diqu\u00e9lou A. et al, 2020, \u00c9valuation de la fiabilit\u00e9 d&rsquo;un nouveau test de d\u00e9pistage \u00e0 domicile de la glucosurie f\u00e9line.<\/span><\/a><\/li><li><a href=\"https:\/\/blucarelab.com\/wp-content\/uploads\/2023\/09\/Khenifar-E.-et-al.-2020-EX-VIVO-SENSITIVITY-AND-ROBUSTNESS-OF-A-NOVEL-HOME-SCREENING-TEST-FOR-FELINE-GLUCOSURIA-Poster-ECVIM.pdf\" target=\"_blank\" rel=\"noopener\"><span style=\"text-decoration: underline;\">Khenifar E. et al, 2020, <\/span><\/a><a href=\"https:\/\/blucarelab.com\/wp-content\/uploads\/2023\/09\/Khenifar-E.-et-al.-2020-EX-VIVO-SENSITIVITY-AND-ROBUSTNESS-OF-A-NOVEL-HOME-SCREENING-TEST-FOR-FELINE-GLUCOSURIA-Poster-ECVIM.pdf\" target=\"_blank\" rel=\"noopener\">Sensibilit\u00e9<\/a> Ex Vivo et robustesse d&rsquo;un nouveau test de d\u00e9pistage \u00e0 domicile de la glucosurie f\u00e9line<\/li><li><a href=\"https:\/\/blucarelab.com\/wp-content\/uploads\/2023\/09\/Scherk-M.-et-al.-2020-upd_22-Detecting-Diagnosing-and-Monitoring-Diabetes-Mellitus-in-Cats_the-Role-of-Blucare-Glucosuria-Granules.pdf\" target=\"_blank\" rel=\"noopener\"><span style=\"text-decoration: underline;\">Scherk M. et al, 2020 (2022 updated), Detecting, diagnosing, and monitoring diabetes mellitus in cats. Recommandations d&rsquo;un groupe d&rsquo;experts.<\/span><\/a><\/li><\/ul><h6>\u00a0<\/h6><h6><strong>Produit d&rsquo;H\u00e9maturie commercialis\u00e9<\/strong><\/h6><ul><li><a href=\"https:\/\/blucarelab.com\/wp-content\/uploads\/2023\/09\/Gara-Boivin-C.-et-al.-2018-EX-VIVO-SENSITITIVY-AND-ROBUSTNESS-OF-A-NOVEL-HOME-SCREENING-TEST-FOR-F.-HEMATURIA-Poster-WVAC-and-ISFM.pdf\" target=\"_blank\" rel=\"noopener\"><span style=\"text-decoration: underline;\">Gara-Boivin C. et al, 2018, <a href=\"https:\/\/blucarelab.com\/wp-content\/uploads\/2023\/09\/Gara-Boivin-C.-et-al.-2018-EX-VIVO-SENSITITIVY-AND-ROBUSTNESS-OF-A-NOVEL-HOME-SCREENING-TEST-FOR-F.-HEMATURIA-Poster-WVAC-and-ISFM.pdf\" target=\"_blank\" rel=\"noopener\">Sensibilit\u00e9<\/a> Ex Vivo et robustesse d&rsquo;un nouveau test de d\u00e9pistage \u00e0 domicile de l&rsquo;h\u00e9maturie f\u00e9line.<\/span><\/a><\/li><li><a href=\"https:\/\/blucarelab.com\/wp-content\/uploads\/2023\/09\/Khenifar-E.-et-al.-2018-RELIABILITY-ASSESSMENT-OF-A-NOVEL-FELINE-HEMATURIA-HOME-SCREENING-TEST_Poster-WVAC-and-ISFM.pdf\" target=\"_blank\" rel=\"noopener\"><span style=\"text-decoration: underline;\">Khenifar E. et al., 2018, Reliability assessment of a novel feline hematuria home screening test<\/span><\/a><\/li><li><a href=\"https:\/\/blucarelab.com\/wp-content\/uploads\/2023\/09\/Scherk-M.-et-al.-2018-Blucare-Granules-A-Novel-Tool-for-the-Early-Detection-and-Monitoring-of-Urinary-Tract-Disorders-in-Cats.pdf\" target=\"_blank\" rel=\"noopener\"><span style=\"text-decoration: underline;\">Scherk M. et al, 2018, Bl\u00fccare granules : Un nouvel outil pour la d\u00e9tection pr\u00e9coce et le suivi des troubles urinaires chez le chat. Recommandations d&rsquo;un groupe d&rsquo;experts.<\/span><\/a><\/li><\/ul><p>Si vous avez des questions sur nos \u00e9tudes ou nos produits, veuillez nous contacter \u00e0 l&rsquo;adresse suivante : info@blucarelab.com.<\/p>\t\t\t\t\t\t<\/div>\n\t\t\t\t<\/div>\n\t\t\t\t<\/div>\n\t\t\t\t\t\t\t<\/div>\n\t\t","protected":false},"excerpt":{"rendered":"<p>Publications scientifiques Cette section r\u00e9pertorie la plupart des publications scientifiques \u00e0 ce jour concernant les granules Bl\u00fccare\u00ae. Produit de Glucosurie commercialis\u00e9 Diqu\u00e9lou A. et al, 2020, \u00c9valuation de la fiabilit\u00e9 d&rsquo;un nouveau test de d\u00e9pistage \u00e0 domicile de la glucosurie f\u00e9line. Khenifar E. et al, 2020, Sensibilit\u00e9 Ex Vivo et robustesse d&rsquo;un nouveau test de [&hellip;]<\/p>\n","protected":false},"author":1,"featured_media":0,"parent":0,"menu_order":0,"comment_status":"closed","ping_status":"closed","template":"","meta":{"footnotes":""},"aioseo_notices":[],"_links":{"self":[{"href":"https:\/\/blucarelab.com\/fr\/wp-json\/wp\/v2\/pages\/1165"}],"collection":[{"href":"https:\/\/blucarelab.com\/fr\/wp-json\/wp\/v2\/pages"}],"about":[{"href":"https:\/\/blucarelab.com\/fr\/wp-json\/wp\/v2\/types\/page"}],"author":[{"embeddable":true,"href":"https:\/\/blucarelab.com\/fr\/wp-json\/wp\/v2\/users\/1"}],"replies":[{"embeddable":true,"href":"https:\/\/blucarelab.com\/fr\/wp-json\/wp\/v2\/comments?post=1165"}],"version-history":[{"count":21,"href":"https:\/\/blucarelab.com\/fr\/wp-json\/wp\/v2\/pages\/1165\/revisions"}],"predecessor-version":[{"id":1944,"href":"https:\/\/blucarelab.com\/fr\/wp-json\/wp\/v2\/pages\/1165\/revisions\/1944"}],"wp:attachment":[{"href":"https:\/\/blucarelab.com\/fr\/wp-json\/wp\/v2\/media?parent=1165"}],"curies":[{"name":"wp","href":"https:\/\/api.w.org\/{rel}","templated":true}]}}