{"id":1161,"date":"2023-09-05T11:50:13","date_gmt":"2023-09-05T15:50:13","guid":{"rendered":"https:\/\/blucarelab.com\/conditions-generales-dutilisation\/"},"modified":"2023-09-22T15:27:19","modified_gmt":"2023-09-22T19:27:19","slug":"conditions-generales-dutilisation","status":"publish","type":"page","link":"https:\/\/blucarelab.com\/fr\/conditions-generales-dutilisation\/","title":{"rendered":"Conditions g\u00e9n\u00e9rales d&rsquo;utilisation"},"content":{"rendered":"\t\t<div data-elementor-type=\"wp-page\" data-elementor-id=\"1161\" class=\"elementor elementor-1161 elementor-1159\" data-elementor-post-type=\"page\">\n\t\t\t\t\t\t\t<div class=\"elementor-element elementor-element-f3d3933 e-flex e-con-boxed e-con\" data-id=\"f3d3933\" data-element_type=\"container\" data-settings=\"{&quot;background_background&quot;:&quot;classic&quot;,&quot;content_width&quot;:&quot;boxed&quot;}\">\n\t\t\t\t\t<div class=\"e-con-inner\">\n\t\t\t\t<div class=\"elementor-element elementor-element-cf42840 elementor-widget elementor-widget-heading\" data-id=\"cf42840\" data-element_type=\"widget\" data-widget_type=\"heading.default\">\n\t\t\t\t<div class=\"elementor-widget-container\">\n\t\t\t<style>\/*! elementor - v3.15.0 - 09-08-2023 *\/\n.elementor-heading-title{padding:0;margin:0;line-height:1}.elementor-widget-heading .elementor-heading-title[class*=elementor-size-]>a{color:inherit;font-size:inherit;line-height:inherit}.elementor-widget-heading .elementor-heading-title.elementor-size-small{font-size:15px}.elementor-widget-heading .elementor-heading-title.elementor-size-medium{font-size:19px}.elementor-widget-heading .elementor-heading-title.elementor-size-large{font-size:29px}.elementor-widget-heading .elementor-heading-title.elementor-size-xl{font-size:39px}.elementor-widget-heading .elementor-heading-title.elementor-size-xxl{font-size:59px}<\/style><h2 class=\"elementor-heading-title elementor-size-default\">Conditions g\u00e9n\u00e9rales d'utilisation<\/h2>\t\t<\/div>\n\t\t\t\t<\/div>\n\t\t\t\t\t<\/div>\n\t\t\t\t<\/div>\n\t\t<div class=\"elementor-element elementor-element-6c1404e e-flex e-con-boxed e-con\" data-id=\"6c1404e\" data-element_type=\"container\" data-settings=\"{&quot;content_width&quot;:&quot;boxed&quot;}\">\n\t\t\t\t\t<div class=\"e-con-inner\">\n\t\t\t\t<div class=\"elementor-element elementor-element-223ee91 elementor-widget elementor-widget-text-editor\" data-id=\"223ee91\" data-element_type=\"widget\" data-widget_type=\"text-editor.default\">\n\t\t\t\t<div class=\"elementor-widget-container\">\n\t\t\t<style>\/*! elementor - v3.15.0 - 09-08-2023 *\/\n.elementor-widget-text-editor.elementor-drop-cap-view-stacked .elementor-drop-cap{background-color:#69727d;color:#fff}.elementor-widget-text-editor.elementor-drop-cap-view-framed .elementor-drop-cap{color:#69727d;border:3px solid;background-color:transparent}.elementor-widget-text-editor:not(.elementor-drop-cap-view-default) .elementor-drop-cap{margin-top:8px}.elementor-widget-text-editor:not(.elementor-drop-cap-view-default) .elementor-drop-cap-letter{width:1em;height:1em}.elementor-widget-text-editor .elementor-drop-cap{float:left;text-align:center;line-height:1;font-size:50px}.elementor-widget-text-editor .elementor-drop-cap-letter{display:inline-block}<\/style>\t\t\t\t<p><strong>Conditions d&rsquo;utilisation &#8211; Site web de Bl\u00fccare<\/strong><\/p>\n<p>Bienvenue sur le site de <strong>Bl\u00fccare\u00ae<\/strong>&#8211; une marque d\u00e9pos\u00e9e de Blusand<strong>(soci\u00e9t\u00e9<\/strong>).<\/p>\n<p>Les pr\u00e9sentes conditions d&rsquo;utilisation s&rsquo;appliquent \u00e0 votre acc\u00e8s et \u00e0 votre utilisation du site web (service).<\/p>\n<\/p>\n<p><strong>Acceptation de ces conditions<\/strong><\/p>\n<p><strong>EN ACC\u00c9DANT AU SERVICE OU EN L&rsquo;UTILISANT, VOUS ACCEPTEZ D&rsquo;\u00caTRE LI\u00c9 PAR L&rsquo;ENSEMBLE DES CONDITIONS CI-DESSOUS. Veuillez lire toutes les conditions g\u00e9n\u00e9rales avant d&rsquo;utiliser le service.<\/strong>. Si vous avez des difficult\u00e9s \u00e0 comprendre un terme, n&rsquo;h\u00e9sitez pas \u00e0 nous en faire part. Si vous n&rsquo;acceptez pas toutes les conditions ci-dessous, vous ne pouvez pas utiliser le service.<\/p>\n<\/p>\n<p><strong>Changements<\/strong><\/p>\n<p>Nous nous r\u00e9servons le droit de modifier ces conditions de temps \u00e0 autre. Par exemple, nous pouvons \u00eatre amen\u00e9s \u00e0 modifier ces conditions si nous lan\u00e7ons une nouvelle fonctionnalit\u00e9. Si nous apportons des modifications, nous vous en informerons en r\u00e9visant la date figurant en t\u00eate de la politique et, dans certains cas, nous vous fournirons un avis suppl\u00e9mentaire (par exemple, en ajoutant une d\u00e9claration sur notre page d&rsquo;accueil ou en vous envoyant une notification par courrier \u00e9lectronique). Nous vous encourageons \u00e0 consulter r\u00e9guli\u00e8rement les pr\u00e9sentes conditions g\u00e9n\u00e9rales pour prendre connaissance des mises \u00e0 jour.<\/p>\n<p>Chaque fois que nous apportons des modifications aux pr\u00e9sentes conditions, celles-ci entrent en vigueur d\u00e8s leur publication, sauf indication contraire. En continuant \u00e0 utiliser le service apr\u00e8s la publication de conditions r\u00e9vis\u00e9es, vous acceptez les modifications apport\u00e9es \u00e0 ces conditions.<\/p>\n<\/p>\n<p><strong>Politique de confidentialit\u00e9<\/strong><\/p>\n<p>Pour plus d&rsquo;informations sur la mani\u00e8re dont nous collectons, stockons et utilisons les informations recueillies en ligne \u00e0 votre sujet, veuillez consulter notre politique de confidentialit\u00e9.<\/p>\n<\/p>\n<p><strong>  Description du service<\/strong><\/p>\n<p>Sur notre site web, vous trouverez de plus amples informations sur notre entreprise et nos produits.<\/p>\n<p>Pour plus d&rsquo;informations sur nos produits, veuillez nous rendre visite \u00e0 l&rsquo;adresse suivante : https:\/\/blucarelab.com.<\/p>\n<\/p>\n<p><strong>Droit d&rsquo;utiliser le service<\/strong><\/p>\n<p>Sous r\u00e9serve du respect int\u00e9gral des pr\u00e9sentes conditions, la soci\u00e9t\u00e9 vous accorde une licence limit\u00e9e, non exclusive, non transf\u00e9rable et r\u00e9vocable vous permettant d&rsquo;acc\u00e9der au service et de l&rsquo;utiliser \u00e0 des fins personnelles et non commerciales. Vous ne pouvez pas (a) modifier, divulguer, alt\u00e9rer, traduire ou cr\u00e9er des \u0153uvres d\u00e9riv\u00e9es du service, (b) accorder une licence, une sous-licence, revendre, distribuer, louer, pr\u00eater, transf\u00e9rer, c\u00e9der ou disposer d&rsquo;une autre mani\u00e8re du service, (c) d\u00e9sassembler, d\u00e9compiler ou d\u00e9sosser tout composant du service, (d) copier, imiter, encadrer ou refl\u00e9ter toute partie du service \u00e0 des fins commerciales ou non commerciales, (e) interf\u00e9rer avec ou perturber l&rsquo;int\u00e9grit\u00e9 ou la performance du service, ou (f) tenter d&rsquo;obtenir un acc\u00e8s non autoris\u00e9 au service ou \u00e0 ses syst\u00e8mes ou r\u00e9seaux connexes.<\/p>\n<\/p>\n<p><strong>Utilisation interdite du service<\/strong><\/p>\n<p>Vous ne pouvez pas faire ce qui suit en relation avec le service ou d&rsquo;autres utilisateurs :<\/p>\n<p>&#8211; Utiliser le service d&rsquo;une mani\u00e8re qui pourrait interf\u00e9rer avec, perturber, affecter n\u00e9gativement ou emp\u00eacher tout autre utilisateur de profiter pleinement du service, ou qui pourrait endommager, d\u00e9sactiver, surcharger ou compromettre le fonctionnement du service ;<\/p>\n<p>&#8211; utiliser le service \u00e0 des fins ill\u00e9gales ou non autoris\u00e9es ou s&rsquo;engager dans, encourager ou promouvoir toute activit\u00e9 ill\u00e9gale ou contraire aux pr\u00e9sentes conditions ; ou<\/p>\n<p>&#8211; Contourner ou tenter de contourner tout filtrage, toute mesure de s\u00e9curit\u00e9, toute limite de d\u00e9bit ou toute autre caract\u00e9ristique destin\u00e9e \u00e0 prot\u00e9ger le service, ses utilisateurs ou des tiers.<\/p>\n<\/p>\n<p><strong>Les droits de l&rsquo;entreprise<\/strong><\/p>\n<p>Toutes les informations, tous les mat\u00e9riaux et tout le contenu du service \u00e9chang\u00e9s entre vous et l&rsquo;entreprise, y compris les textes, les graphiques, les donn\u00e9es, le formatage, les graphiques, le design, le HTML, l&rsquo;apparence, les photographies, la musique, le son, les images, les logiciels, les vid\u00e9os, le design, les polices, les codes source et objet, les formats, les requ\u00eates, les algorithmes et tout autre contenu, sont et resteront la propri\u00e9t\u00e9 de l&rsquo;entreprise ou sous son contr\u00f4le et ne peuvent \u00eatre utilis\u00e9s qu&rsquo;avec son autorisation. L&rsquo;entreprise se r\u00e9serve tous les droits qui ne sont pas express\u00e9ment \u00e9nonc\u00e9s dans les pr\u00e9sentes conditions g\u00e9n\u00e9rales.<\/p>\n<\/p>\n<p><strong>Retour d&rsquo;information<\/strong><\/p>\n<p>Toute suggestion, tout commentaire ou tout autre retour d&rsquo;information que vous nous fournissez concernant le service (\u00ab\u00a0retour d&rsquo;information\u00a0\u00bb) constitue une information confidentielle de la soci\u00e9t\u00e9, qui est libre d&rsquo;utiliser, de divulguer, de reproduire, de conc\u00e9der sous licence, de distribuer et d&rsquo;exploiter ce retour d&rsquo;information \u00e0 sa seule discr\u00e9tion, sans compensation pour vous et sans aucune obligation ou restriction li\u00e9e \u00e0 des droits de propri\u00e9t\u00e9 intellectuelle ou autre.<\/p>\n<\/p>\n<p><strong>Clause de non-responsabilit\u00e9<\/strong><\/p>\n<p>SAUF DISPOSITION CONTRAIRE DE LA LOI APPLICABLE, LE SERVICE ET TOUT AUTRE SERVICE ET CONTENU INCLUS DANS LE SERVICE OU MIS \u00c0 VOTRE DISPOSITION PAR L&rsquo;INTERM\u00c9DIAIRE DU SERVICE VOUS SONT FOURNIS \u00ab\u00a0EN L&rsquo;\u00c9TAT\u00a0\u00bb ET \u00ab\u00a0TELS QUE DISPONIBLES\u00a0\u00bb, SANS D\u00c9CLARATION NI GARANTIE D&rsquo;AUCUNE SORTE. DANS TOUTE LA MESURE PERMISE PAR LA LOI APPLICABLE, NOUS D\u00c9CLINONS ET EXCLUONS TOUTES LES AUTRES GARANTIES, CONDITIONS ET D\u00c9CLARATIONS (QU&rsquo;ELLES SOIENT EXPRESSES OU IMPLICITES, ORALES OU \u00c9CRITES), AINSI QUE TOUTES LES AUTRES CONDITIONS QUI PEUVENT \u00caTRE IMPLICITES DANS LES PR\u00c9SENTES CONDITIONS EN VERTU DE LA LOI, EN CE QUI CONCERNE LE SERVICE ET LE CONTENU INCLUS DANS LE SERVICE OU MIS \u00c0 VOTRE DISPOSITION PAR L&rsquo;INTERM\u00c9DIAIRE DU SERVICE.<\/p>\n<\/p>\n<p><strong>Limitation de la responsabilit\u00e9<\/strong><\/p>\n<p>SOUS RESERVE DE L&rsquo;ORDRE PUBLIC APPLICABLE, LA SOCIETE NE SERA EN AUCUN CAS RESPONSABLE ENVERS VOUS OU UN TIERS DES DOMMAGES DIRECTS, ACCESSOIRES, SPECIAUX, INDIRECTS, CONSECUTIFS, EXEMPLAIRES OU PUNITIFS QUELS QU&rsquo;ILS SOIENT, Y COMPRIS, MAIS SANS S&rsquo;Y LIMITER, LES DOMMAGES POUR PERTE DE BIENS, PERTE PHYSIQUE, D\u00c9C\u00c8S OU TOUT AUTRE DOMMAGE OU PERTE, RESULTANT DE OU EN RELATION AVEC LES PRESENTES CONDITIONS, LE SERVICE ET\/OU LES SERVICES OU MATERIELS DE TIERS, QUELLE QU&rsquo;EN SOIT LA CAUSE, QUELLE QUE SOIT LA THEORIE DE RESPONSABILITE (CONTRAT, GARANTIE, TORT (Y COMPRIS LA NEGLIGENCE, QU&rsquo;ELLE SOIT ACTIVE, PASSIVE OU IMPLICITE), RESPONSABILITE DU FAIT DES PRODUITS, RESPONSABILITE STRICTE OU AUTRE THEORIE) ET M\u00caME SI LA SOCI\u00c9T\u00c9 A \u00c9T\u00c9 INFORM\u00c9E DE LA POSSIBILIT\u00c9 DE TELS DOMMAGES. CERTAINES JURIDICTIONS N&rsquo;AUTORISENT PAS L&rsquo;EXCLUSION OU LA LIMITATION DES DOMMAGES ACCESSOIRES OU INDIRECTS, DE SORTE QUE CETTE LIMITATION PEUT NE PAS S&rsquo;APPLIQUER \u00c0 VOUS.<\/p>\n<p>POUR TOUTE PERTE OU TOUT DOMMAGE NON EXCLUS EN VERTU DES PR\u00c9SENTES CONDITIONS, LA RESPONSABILIT\u00c9 TOTALE DE L&rsquo;ENTREPRISE ET DE SES DIRECTEURS, EMPLOY\u00c9S, AGENTS, AFFILI\u00c9S ET INVESTISSEURS NE D\u00c9PASSERA PAS 100 DOLLARS CANADIENS.<\/p>\n<p>Veuillez noter que Bl\u00fccare\u00ae n&rsquo;est qu&rsquo;un outil pour vous aider \u00e0 d\u00e9tecter les probl\u00e8mes de sant\u00e9 de votre chat gr\u00e2ce \u00e0 la d\u00e9tection du glucose et du sang. Il ne s&rsquo;agit pas d&rsquo;un produit de diagnostic m\u00e9dical et il ne peut remplacer les conseils de votre v\u00e9t\u00e9rinaire. L&rsquo;entreprise et ses partenaires affili\u00e9s ne sont pas responsables des faux positifs ou des faux n\u00e9gatifs des tests Bl\u00fccare. Un faible taux de glucose dans l&rsquo;urine, un pH urinaire \u00e9lev\u00e9 ou une densit\u00e9 urinaire \u00e9lev\u00e9e peuvent interf\u00e9rer avec la r\u00e9action normale des granules.<\/p>\n<p>L&rsquo;exactitude des r\u00e9sultats des produits n&rsquo;est pas garantie. Sous r\u00e9serve des dispositions d&rsquo;ordre public applicables, la responsabilit\u00e9 des Laboratoires Bl\u00fccare Lab Inc. et de la Soci\u00e9t\u00e9 dans le cadre de toute r\u00e9clamation d\u00e9coulant du produit ou de son utilisation n&rsquo;exc\u00e9dera pas le prix pay\u00e9 pour une unit\u00e9 du produit \u00e0 l&rsquo;origine de la r\u00e9clamation.<\/p>\n<\/p>\n<p><strong>Indemnisation<\/strong><\/p>\n<p>Vous acceptez de nous d\u00e9fendre, de nous indemniser et de nous d\u00e9gager de toute responsabilit\u00e9 en cas de litige, d&rsquo;action, de proc\u00e9dure (en droit ou en \u00e9quit\u00e9), de r\u00e9clamation, de dommage, de paiement, d&rsquo;insuffisance, d&rsquo;amende, de jugement, de r\u00e8glement, de responsabilit\u00e9, de perte, de co\u00fbt et de d\u00e9pense (y compris les honoraires raisonnables d&rsquo;avocat, les co\u00fbts, les p\u00e9nalit\u00e9s, les int\u00e9r\u00eats et les d\u00e9bours) d\u00e9coulant de ou li\u00e9s \u00e0 votre comportement \u00e0 l&rsquo;\u00e9gard du service ou de votre violation (ou violation pr\u00e9sum\u00e9e) des pr\u00e9sentes conditions ou des droits d&rsquo;une tierce partie.<\/p>\n<\/p>\n<p><strong>Modifications du service<\/strong><\/p>\n<p>L&rsquo;entreprise se r\u00e9serve le droit, \u00e0 sa discr\u00e9tion, de r\u00e9viser, d&rsquo;am\u00e9liorer, de modifier ou d&rsquo;interrompre, temporairement ou d\u00e9finitivement, le service et\/ou toute caract\u00e9ristique, information, mat\u00e9riel ou contenu du service, avec ou sans pr\u00e9avis. La Soci\u00e9t\u00e9 ne sera pas responsable envers vous ou envers un tiers des dommages r\u00e9sultant d&rsquo;une modification ou d&rsquo;une interruption du service ou d&rsquo;une partie de celui-ci.<\/p>\n<\/p>\n<p><strong>Consentement aux communications \u00e9lectroniques<\/strong><\/p>\n<p>En utilisant le service, vous acceptez que nous puissions communiquer avec vous par voie \u00e9lectronique concernant votre utilisation du service et que les avis, accords, divulgations ou autres communications que nous vous envoyons par voie \u00e9lectronique satisfassent \u00e0 toutes les exigences l\u00e9gales en mati\u00e8re de communication, y compris l&rsquo;exigence que les communications soient faites par \u00e9crit. Pour retirer votre consentement \u00e0 recevoir des avis \u00e9lectroniques, veuillez nous en informer \u00e0 l&rsquo;adresse suivante : info@blucarelab.com .<\/p>\n<\/p>\n<p><strong>G\u00e9n\u00e9ral<\/strong><\/p>\n<p>L&rsquo;application de ces conditions est laiss\u00e9e \u00e0 la seule discr\u00e9tion de la soci\u00e9t\u00e9. Le fait de ne pas appliquer une partie des pr\u00e9sentes conditions dans un cas particulier ne constitue pas une renonciation de la part de la soci\u00e9t\u00e9 \u00e0 son droit d&rsquo;appliquer la m\u00eame partie ou toute autre partie des pr\u00e9sentes conditions dans un autre cas. Si une disposition des pr\u00e9sentes conditions est ou devient ill\u00e9gale, nulle ou autrement inapplicable (y compris les exclusions de garantie et les limitations de responsabilit\u00e9 ci-dessus), cette disposition sera consid\u00e9r\u00e9e comme remplac\u00e9e par une disposition valide et applicable qui se rapproche le plus de l&rsquo;intention de la disposition originale, et les autres dispositions des pr\u00e9sentes conditions resteront pleinement en vigueur.<\/p>\n<p>Les pr\u00e9sentes conditions (et les autres politiques et conditions mentionn\u00e9es ci-dessus) constituent l&rsquo;int\u00e9gralit\u00e9 de l&rsquo;accord entre vous et la soci\u00e9t\u00e9 en ce qui concerne le service, et remplacent tout accord ant\u00e9rieur qui aurait pu \u00eatre conclu.<\/p>\n<\/p>\n<p><strong>Comment nous contacter<\/strong><\/p>\n<p>Si vous avez des questions concernant les pr\u00e9sentes conditions g\u00e9n\u00e9rales, veuillez nous envoyer un courriel \u00e0 l&rsquo;adresse suivante : info@blucarelab.com.<\/p>\n<\/p>\n<p><strong>Derni\u00e8re r\u00e9vision : 5 septembre 2023<\/strong><\/p>\n\t\t\t\t\t\t<\/div>\n\t\t\t\t<\/div>\n\t\t\t\t\t<\/div>\n\t\t\t\t<\/div>\n\t\t\t\t\t\t\t<\/div>\n\t\t","protected":false},"excerpt":{"rendered":"<p>Conditions g\u00e9n\u00e9rales d&rsquo;utilisation Conditions d&rsquo;utilisation &#8211; Site web de Bl\u00fccare Bienvenue sur le site de Bl\u00fccare\u00ae&#8211; une marque d\u00e9pos\u00e9e de Blusand(soci\u00e9t\u00e9). Les pr\u00e9sentes conditions d&rsquo;utilisation s&rsquo;appliquent \u00e0 votre acc\u00e8s et \u00e0 votre utilisation du site web (service). Acceptation de ces conditions EN ACC\u00c9DANT AU SERVICE OU EN L&rsquo;UTILISANT, VOUS ACCEPTEZ D&rsquo;\u00caTRE LI\u00c9 PAR L&rsquo;ENSEMBLE DES [&hellip;]<\/p>\n","protected":false},"author":1,"featured_media":0,"parent":0,"menu_order":0,"comment_status":"closed","ping_status":"closed","template":"","meta":{"footnotes":""},"aioseo_notices":[],"_links":{"self":[{"href":"https:\/\/blucarelab.com\/fr\/wp-json\/wp\/v2\/pages\/1161"}],"collection":[{"href":"https:\/\/blucarelab.com\/fr\/wp-json\/wp\/v2\/pages"}],"about":[{"href":"https:\/\/blucarelab.com\/fr\/wp-json\/wp\/v2\/types\/page"}],"author":[{"embeddable":true,"href":"https:\/\/blucarelab.com\/fr\/wp-json\/wp\/v2\/users\/1"}],"replies":[{"embeddable":true,"href":"https:\/\/blucarelab.com\/fr\/wp-json\/wp\/v2\/comments?post=1161"}],"version-history":[{"count":16,"href":"https:\/\/blucarelab.com\/fr\/wp-json\/wp\/v2\/pages\/1161\/revisions"}],"predecessor-version":[{"id":1751,"href":"https:\/\/blucarelab.com\/fr\/wp-json\/wp\/v2\/pages\/1161\/revisions\/1751"}],"wp:attachment":[{"href":"https:\/\/blucarelab.com\/fr\/wp-json\/wp\/v2\/media?parent=1161"}],"curies":[{"name":"wp","href":"https:\/\/api.w.org\/{rel}","templated":true}]}}